{"id":2032,"date":"2019-12-02T08:17:36","date_gmt":"2019-12-02T11:17:36","guid":{"rendered":"https:\/\/www.lbhlaw.com.br\/carreira\/"},"modified":"2021-01-05T09:50:21","modified_gmt":"2021-01-05T12:50:21","slug":"carreira","status":"publish","type":"page","link":"https:\/\/www.lhlaw.com.br\/en\/carreira\/","title":{"rendered":"Career and Opportunities"},"content":{"rendered":"<p>Since our foundation, we seek to unite the best talents in our teams. Our purpose has been and continues to be the same &#8211; to provide excellence in services, with responsibility and commitment, by offering the optimum legal solutions for our clients in resolving their most complex challenges.<\/p>\n<p>The quality of our professionals is a reflection of our success as a firm. For this reason, we invest in our teams continuously. Teams are formed by professionals drawn from different places, cultures, and perspectives, people who share the highest professional learning and improvement opportunities within an inclusive, fair and nurturing environment.<\/p>\n<p>It matters not whether you are a rookie or an experienced professional: we offer career opportunities for lawyers and interns and for back office area professionals.<\/p>\n<p>We believe that Loeser e Hadad Advogados provides an ideal workplace; we seek talented, dedicated people aligned with our values who can help us in our pursuit of excellence and innovative in delivering legal advisory solutions to our clients.<\/p>\n","protected":false},"excerpt":{"rendered":"<p>Since our foundation, we seek to unite the best talents in our teams. Our purpose has been and continues to be the same &#8211; to [&hellip;]<\/p>\n","protected":false},"author":3,"featured_media":0,"parent":0,"menu_order":0,"comment_status":"closed","ping_status":"closed","template":"","meta":{"_acf_changed":false,"footnotes":""},"class_list":["post-2032","page","type-page","status-publish","hentry"],"acf":[],"yoast_head":"<!-- This site is optimized with the Yoast SEO plugin v27.4 - https:\/\/yoast.com\/product\/yoast-seo-wordpress\/ -->\n<title>Carreira e oportunidades em SP, RJ, Bras\u00edlia e Campinas<\/title>\n<meta name=\"description\" content=\"N\u00e3o importa se voc\u00ea est\u00e1 come\u00e7ando sua carreira ou se j\u00e1 \u00e9 um profissional experiente. Desde nossa funda\u00e7\u00e3o, buscamos os melhores talentos\" \/>\n<meta name=\"robots\" content=\"index, follow, max-snippet:-1, max-image-preview:large, max-video-preview:-1\" \/>\n<link rel=\"canonical\" href=\"https:\/\/www.lhlaw.com.br\/en\/carreira\/\" \/>\n<meta property=\"og:locale\" content=\"en_US\" \/>\n<meta property=\"og:type\" content=\"article\" \/>\n<meta property=\"og:title\" content=\"Carreira e oportunidades em SP, RJ, Bras\u00edlia e Campinas\" \/>\n<meta property=\"og:description\" content=\"N\u00e3o importa se voc\u00ea est\u00e1 come\u00e7ando sua carreira ou se j\u00e1 \u00e9 um profissional experiente. Desde nossa funda\u00e7\u00e3o, buscamos os melhores talentos\" \/>\n<meta property=\"og:url\" content=\"https:\/\/www.lhlaw.com.br\/en\/carreira\/\" \/>\n<meta property=\"og:site_name\" content=\"Loeser e Hadad Advogados\" \/>\n<meta property=\"article:publisher\" content=\"https:\/\/www.facebook.com\/LoeserBlanchetHadad\/?ref=bookmarks\" \/>\n<meta property=\"article:modified_time\" content=\"2021-01-05T12:50:21+00:00\" \/>\n<meta name=\"twitter:card\" content=\"summary_large_image\" \/>\n<meta name=\"twitter:site\" content=\"@LbhLaw\" \/>\n<meta name=\"twitter:label1\" content=\"Est. reading time\" \/>\n\t<meta name=\"twitter:data1\" content=\"1 minute\" \/>\n<script type=\"application\/ld+json\" class=\"yoast-schema-graph\">{\"@context\":\"https:\\\/\\\/schema.org\",\"@graph\":[{\"@type\":\"WebPage\",\"@id\":\"https:\\\/\\\/www.lhlaw.com.br\\\/en\\\/carreira\\\/\",\"url\":\"https:\\\/\\\/www.lhlaw.com.br\\\/en\\\/carreira\\\/\",\"name\":\"Carreira e oportunidades em SP, RJ, Bras\u00edlia e Campinas\",\"isPartOf\":{\"@id\":\"https:\\\/\\\/www.lhlaw.com.br\\\/en\\\/#website\"},\"datePublished\":\"2019-12-02T11:17:36+00:00\",\"dateModified\":\"2021-01-05T12:50:21+00:00\",\"description\":\"N\u00e3o importa se voc\u00ea est\u00e1 come\u00e7ando sua carreira ou se j\u00e1 \u00e9 um profissional experiente. Desde nossa funda\u00e7\u00e3o, buscamos os melhores talentos\",\"breadcrumb\":{\"@id\":\"https:\\\/\\\/www.lhlaw.com.br\\\/en\\\/carreira\\\/#breadcrumb\"},\"inLanguage\":\"en-US\",\"potentialAction\":[{\"@type\":\"ReadAction\",\"target\":[\"https:\\\/\\\/www.lhlaw.com.br\\\/en\\\/carreira\\\/\"]}]},{\"@type\":\"BreadcrumbList\",\"@id\":\"https:\\\/\\\/www.lhlaw.com.br\\\/en\\\/carreira\\\/#breadcrumb\",\"itemListElement\":[{\"@type\":\"ListItem\",\"position\":1,\"name\":\"In\u00edcio\",\"item\":\"https:\\\/\\\/www.lhlaw.com.br\\\/en\\\/\"},{\"@type\":\"ListItem\",\"position\":2,\"name\":\"Career and Opportunities\"}]},{\"@type\":\"WebSite\",\"@id\":\"https:\\\/\\\/www.lhlaw.com.br\\\/en\\\/#website\",\"url\":\"https:\\\/\\\/www.lhlaw.com.br\\\/en\\\/\",\"name\":\"Loeser e Hadad Advogados\",\"description\":\"Direito empresarial | S\u00e3o Paulo, Rio, Bras\u00edlia e Campinas\",\"publisher\":{\"@id\":\"https:\\\/\\\/www.lhlaw.com.br\\\/en\\\/#organization\"},\"potentialAction\":[{\"@type\":\"SearchAction\",\"target\":{\"@type\":\"EntryPoint\",\"urlTemplate\":\"https:\\\/\\\/www.lhlaw.com.br\\\/en\\\/?s={search_term_string}\"},\"query-input\":{\"@type\":\"PropertyValueSpecification\",\"valueRequired\":true,\"valueName\":\"search_term_string\"}}],\"inLanguage\":\"en-US\"},{\"@type\":\"Organization\",\"@id\":\"https:\\\/\\\/www.lhlaw.com.br\\\/en\\\/#organization\",\"name\":\"Loeser e Hadad Advogados\",\"url\":\"https:\\\/\\\/www.lhlaw.com.br\\\/en\\\/\",\"logo\":{\"@type\":\"ImageObject\",\"inLanguage\":\"en-US\",\"@id\":\"https:\\\/\\\/www.lhlaw.com.br\\\/en\\\/#\\\/schema\\\/logo\\\/image\\\/\",\"url\":\"https:\\\/\\\/www.lhlaw.com.br\\\/site\\\/wp-content\\\/uploads\\\/2023\\\/03\\\/logo_loeser_e_hadad_advogados.png\",\"contentUrl\":\"https:\\\/\\\/www.lhlaw.com.br\\\/site\\\/wp-content\\\/uploads\\\/2023\\\/03\\\/logo_loeser_e_hadad_advogados.png\",\"width\":200,\"height\":95,\"caption\":\"Loeser e Hadad Advogados\"},\"image\":{\"@id\":\"https:\\\/\\\/www.lhlaw.com.br\\\/en\\\/#\\\/schema\\\/logo\\\/image\\\/\"},\"sameAs\":[\"https:\\\/\\\/www.facebook.com\\\/LoeserBlanchetHadad\\\/?ref=bookmarks\",\"https:\\\/\\\/x.com\\\/LbhLaw\",\"https:\\\/\\\/www.instagram.com\\\/loeser_blanchet_hadad\\\/\",\"https:\\\/\\\/www.linkedin.com\\\/company\\\/loeser-blanchet-hadad-advogados\\\/\",\"https:\\\/\\\/www.youtube.com\\\/channel\\\/UCRh4AJ_fY9fTunW76tgPAUA?view_as=subscriber\"]}]}<\/script>\n<!-- \/ Yoast SEO plugin. -->","yoast_head_json":{"title":"Carreira e oportunidades em SP, RJ, Bras\u00edlia e Campinas","description":"N\u00e3o importa se voc\u00ea est\u00e1 come\u00e7ando sua carreira ou se j\u00e1 \u00e9 um profissional experiente. Desde nossa funda\u00e7\u00e3o, buscamos os melhores talentos","robots":{"index":"index","follow":"follow","max-snippet":"max-snippet:-1","max-image-preview":"max-image-preview:large","max-video-preview":"max-video-preview:-1"},"canonical":"https:\/\/www.lhlaw.com.br\/en\/carreira\/","og_locale":"en_US","og_type":"article","og_title":"Carreira e oportunidades em SP, RJ, Bras\u00edlia e Campinas","og_description":"N\u00e3o importa se voc\u00ea est\u00e1 come\u00e7ando sua carreira ou se j\u00e1 \u00e9 um profissional experiente. Desde nossa funda\u00e7\u00e3o, buscamos os melhores talentos","og_url":"https:\/\/www.lhlaw.com.br\/en\/carreira\/","og_site_name":"Loeser e Hadad Advogados","article_publisher":"https:\/\/www.facebook.com\/LoeserBlanchetHadad\/?ref=bookmarks","article_modified_time":"2021-01-05T12:50:21+00:00","twitter_card":"summary_large_image","twitter_site":"@LbhLaw","twitter_misc":{"Est. reading time":"1 minute"},"schema":{"@context":"https:\/\/schema.org","@graph":[{"@type":"WebPage","@id":"https:\/\/www.lhlaw.com.br\/en\/carreira\/","url":"https:\/\/www.lhlaw.com.br\/en\/carreira\/","name":"Carreira e oportunidades em SP, RJ, Bras\u00edlia e Campinas","isPartOf":{"@id":"https:\/\/www.lhlaw.com.br\/en\/#website"},"datePublished":"2019-12-02T11:17:36+00:00","dateModified":"2021-01-05T12:50:21+00:00","description":"N\u00e3o importa se voc\u00ea est\u00e1 come\u00e7ando sua carreira ou se j\u00e1 \u00e9 um profissional experiente. Desde nossa funda\u00e7\u00e3o, buscamos os melhores talentos","breadcrumb":{"@id":"https:\/\/www.lhlaw.com.br\/en\/carreira\/#breadcrumb"},"inLanguage":"en-US","potentialAction":[{"@type":"ReadAction","target":["https:\/\/www.lhlaw.com.br\/en\/carreira\/"]}]},{"@type":"BreadcrumbList","@id":"https:\/\/www.lhlaw.com.br\/en\/carreira\/#breadcrumb","itemListElement":[{"@type":"ListItem","position":1,"name":"In\u00edcio","item":"https:\/\/www.lhlaw.com.br\/en\/"},{"@type":"ListItem","position":2,"name":"Career and Opportunities"}]},{"@type":"WebSite","@id":"https:\/\/www.lhlaw.com.br\/en\/#website","url":"https:\/\/www.lhlaw.com.br\/en\/","name":"Loeser e Hadad Advogados","description":"Direito empresarial | S\u00e3o Paulo, Rio, Bras\u00edlia e Campinas","publisher":{"@id":"https:\/\/www.lhlaw.com.br\/en\/#organization"},"potentialAction":[{"@type":"SearchAction","target":{"@type":"EntryPoint","urlTemplate":"https:\/\/www.lhlaw.com.br\/en\/?s={search_term_string}"},"query-input":{"@type":"PropertyValueSpecification","valueRequired":true,"valueName":"search_term_string"}}],"inLanguage":"en-US"},{"@type":"Organization","@id":"https:\/\/www.lhlaw.com.br\/en\/#organization","name":"Loeser e Hadad Advogados","url":"https:\/\/www.lhlaw.com.br\/en\/","logo":{"@type":"ImageObject","inLanguage":"en-US","@id":"https:\/\/www.lhlaw.com.br\/en\/#\/schema\/logo\/image\/","url":"https:\/\/www.lhlaw.com.br\/site\/wp-content\/uploads\/2023\/03\/logo_loeser_e_hadad_advogados.png","contentUrl":"https:\/\/www.lhlaw.com.br\/site\/wp-content\/uploads\/2023\/03\/logo_loeser_e_hadad_advogados.png","width":200,"height":95,"caption":"Loeser e Hadad Advogados"},"image":{"@id":"https:\/\/www.lhlaw.com.br\/en\/#\/schema\/logo\/image\/"},"sameAs":["https:\/\/www.facebook.com\/LoeserBlanchetHadad\/?ref=bookmarks","https:\/\/x.com\/LbhLaw","https:\/\/www.instagram.com\/loeser_blanchet_hadad\/","https:\/\/www.linkedin.com\/company\/loeser-blanchet-hadad-advogados\/","https:\/\/www.youtube.com\/channel\/UCRh4AJ_fY9fTunW76tgPAUA?view_as=subscriber"]}]}},"_links":{"self":[{"href":"https:\/\/www.lhlaw.com.br\/en\/wp-json\/wp\/v2\/pages\/2032","targetHints":{"allow":["GET"]}}],"collection":[{"href":"https:\/\/www.lhlaw.com.br\/en\/wp-json\/wp\/v2\/pages"}],"about":[{"href":"https:\/\/www.lhlaw.com.br\/en\/wp-json\/wp\/v2\/types\/page"}],"author":[{"embeddable":true,"href":"https:\/\/www.lhlaw.com.br\/en\/wp-json\/wp\/v2\/users\/3"}],"replies":[{"embeddable":true,"href":"https:\/\/www.lhlaw.com.br\/en\/wp-json\/wp\/v2\/comments?post=2032"}],"version-history":[{"count":6,"href":"https:\/\/www.lhlaw.com.br\/en\/wp-json\/wp\/v2\/pages\/2032\/revisions"}],"predecessor-version":[{"id":2490,"href":"https:\/\/www.lhlaw.com.br\/en\/wp-json\/wp\/v2\/pages\/2032\/revisions\/2490"}],"wp:attachment":[{"href":"https:\/\/www.lhlaw.com.br\/en\/wp-json\/wp\/v2\/media?parent=2032"}],"curies":[{"name":"wp","href":"https:\/\/api.w.org\/{rel}","templated":true}]}}