{"id":6981,"date":"2022-08-29T17:00:04","date_gmt":"2022-08-29T20:00:04","guid":{"rendered":"https:\/\/www.lhlaw.com.br\/?page_id=6981"},"modified":"2022-08-29T17:00:04","modified_gmt":"2022-08-29T20:00:04","slug":"cookie-policy","status":"publish","type":"page","link":"https:\/\/www.lhlaw.com.br\/en\/cookie-policy\/","title":{"rendered":"Cookie Policy"},"content":{"rendered":"<div class=\"cli_pg_page_contaner\">\n<h3>Sobre a politica de cookies<\/h3>\n<div>Utilizamos cookies pr\u00f3prios para garantir e melhorar a funcionalidade do nosso site, assim como otimizar sua experi\u00eancia na web. Escolha uma das op\u00e7\u00f5es a seguir, de acordo com a sua prefer\u00eanciawww.lhlaw.com.br<div class=\"cli_user_consent_state\">Your current state: No consent given. <a class=\"cli_manage_current_consent\" style=\"cursor:pointer;text-decoration:underline;\">Manage your consent.<\/a> <\/div><\/div>\n<h3>O que s\u00e3o cookies?<\/h3>\n<div>Cookies s\u00e3o pequenos arquivos de texto armazenado no dispositivo do usu\u00e1rio ao visitar sites na internet. Esses arquivos s\u00e3o lidos posteriormente pelos sites em cada visita realizada, para permitir diversas funcionalidades dos sites, assim como melhorar a experi\u00eancia do usu\u00e1rio e otimizar a navega\u00e7\u00e3o.<\/div>\n<\/div>\n","protected":false},"excerpt":{"rendered":"<p>Sobre a politica de cookies Utilizamos cookies pr\u00f3prios para garantir e melhorar a funcionalidade do nosso site, assim como otimizar sua experi\u00eancia na web. Escolha [&hellip;]<\/p>\n","protected":false},"author":10,"featured_media":0,"parent":0,"menu_order":0,"comment_status":"closed","ping_status":"closed","template":"","meta":{"_acf_changed":false,"footnotes":""},"class_list":["post-6981","page","type-page","status-publish","hentry"],"acf":[],"yoast_head":"<!-- This site is optimized with the Yoast SEO plugin v27.4 - https:\/\/yoast.com\/product\/yoast-seo-wordpress\/ -->\n<title>LBH<\/title>\n<meta name=\"robots\" content=\"index, follow, max-snippet:-1, max-image-preview:large, max-video-preview:-1\" \/>\n<link rel=\"canonical\" href=\"https:\/\/www.lhlaw.com.br\/en\/cookie-policy\/\" \/>\n<meta property=\"og:locale\" content=\"en_US\" \/>\n<meta property=\"og:type\" content=\"article\" \/>\n<meta property=\"og:title\" content=\"LBH\" \/>\n<meta property=\"og:description\" content=\"Sobre a politica de cookies Utilizamos cookies pr\u00f3prios para garantir e melhorar a funcionalidade do nosso site, assim como otimizar sua experi\u00eancia na web. Escolha [&hellip;]\" \/>\n<meta property=\"og:url\" content=\"https:\/\/www.lhlaw.com.br\/en\/cookie-policy\/\" \/>\n<meta property=\"og:site_name\" content=\"Loeser e Hadad Advogados\" \/>\n<meta property=\"article:publisher\" content=\"https:\/\/www.facebook.com\/LoeserBlanchetHadad\/?ref=bookmarks\" \/>\n<meta name=\"twitter:card\" content=\"summary_large_image\" \/>\n<meta name=\"twitter:site\" content=\"@LbhLaw\" \/>\n<meta name=\"twitter:label1\" content=\"Est. reading time\" \/>\n\t<meta name=\"twitter:data1\" content=\"1 minute\" \/>\n<script type=\"application\/ld+json\" class=\"yoast-schema-graph\">{\"@context\":\"https:\\\/\\\/schema.org\",\"@graph\":[{\"@type\":\"WebPage\",\"@id\":\"https:\\\/\\\/www.lhlaw.com.br\\\/en\\\/cookie-policy\\\/\",\"url\":\"https:\\\/\\\/www.lhlaw.com.br\\\/en\\\/cookie-policy\\\/\",\"name\":\"LBH\",\"isPartOf\":{\"@id\":\"https:\\\/\\\/www.lhlaw.com.br\\\/en\\\/#website\"},\"datePublished\":\"2022-08-29T20:00:04+00:00\",\"breadcrumb\":{\"@id\":\"https:\\\/\\\/www.lhlaw.com.br\\\/en\\\/cookie-policy\\\/#breadcrumb\"},\"inLanguage\":\"en-US\",\"potentialAction\":[{\"@type\":\"ReadAction\",\"target\":[\"https:\\\/\\\/www.lhlaw.com.br\\\/en\\\/cookie-policy\\\/\"]}]},{\"@type\":\"BreadcrumbList\",\"@id\":\"https:\\\/\\\/www.lhlaw.com.br\\\/en\\\/cookie-policy\\\/#breadcrumb\",\"itemListElement\":[{\"@type\":\"ListItem\",\"position\":1,\"name\":\"In\u00edcio\",\"item\":\"https:\\\/\\\/www.lhlaw.com.br\\\/en\\\/\"},{\"@type\":\"ListItem\",\"position\":2,\"name\":\"Cookie Policy\"}]},{\"@type\":\"WebSite\",\"@id\":\"https:\\\/\\\/www.lhlaw.com.br\\\/en\\\/#website\",\"url\":\"https:\\\/\\\/www.lhlaw.com.br\\\/en\\\/\",\"name\":\"Loeser e Hadad Advogados\",\"description\":\"Direito empresarial | S\u00e3o Paulo, Rio, Bras\u00edlia e Campinas\",\"publisher\":{\"@id\":\"https:\\\/\\\/www.lhlaw.com.br\\\/en\\\/#organization\"},\"potentialAction\":[{\"@type\":\"SearchAction\",\"target\":{\"@type\":\"EntryPoint\",\"urlTemplate\":\"https:\\\/\\\/www.lhlaw.com.br\\\/en\\\/?s={search_term_string}\"},\"query-input\":{\"@type\":\"PropertyValueSpecification\",\"valueRequired\":true,\"valueName\":\"search_term_string\"}}],\"inLanguage\":\"en-US\"},{\"@type\":\"Organization\",\"@id\":\"https:\\\/\\\/www.lhlaw.com.br\\\/en\\\/#organization\",\"name\":\"Loeser e Hadad Advogados\",\"url\":\"https:\\\/\\\/www.lhlaw.com.br\\\/en\\\/\",\"logo\":{\"@type\":\"ImageObject\",\"inLanguage\":\"en-US\",\"@id\":\"https:\\\/\\\/www.lhlaw.com.br\\\/en\\\/#\\\/schema\\\/logo\\\/image\\\/\",\"url\":\"https:\\\/\\\/www.lhlaw.com.br\\\/site\\\/wp-content\\\/uploads\\\/2023\\\/03\\\/logo_loeser_e_hadad_advogados.png\",\"contentUrl\":\"https:\\\/\\\/www.lhlaw.com.br\\\/site\\\/wp-content\\\/uploads\\\/2023\\\/03\\\/logo_loeser_e_hadad_advogados.png\",\"width\":200,\"height\":95,\"caption\":\"Loeser e Hadad Advogados\"},\"image\":{\"@id\":\"https:\\\/\\\/www.lhlaw.com.br\\\/en\\\/#\\\/schema\\\/logo\\\/image\\\/\"},\"sameAs\":[\"https:\\\/\\\/www.facebook.com\\\/LoeserBlanchetHadad\\\/?ref=bookmarks\",\"https:\\\/\\\/x.com\\\/LbhLaw\",\"https:\\\/\\\/www.instagram.com\\\/loeser_blanchet_hadad\\\/\",\"https:\\\/\\\/www.linkedin.com\\\/company\\\/loeser-blanchet-hadad-advogados\\\/\",\"https:\\\/\\\/www.youtube.com\\\/channel\\\/UCRh4AJ_fY9fTunW76tgPAUA?view_as=subscriber\"]}]}<\/script>\n<!-- \/ Yoast SEO plugin. -->","yoast_head_json":{"title":"LBH","robots":{"index":"index","follow":"follow","max-snippet":"max-snippet:-1","max-image-preview":"max-image-preview:large","max-video-preview":"max-video-preview:-1"},"canonical":"https:\/\/www.lhlaw.com.br\/en\/cookie-policy\/","og_locale":"en_US","og_type":"article","og_title":"LBH","og_description":"Sobre a politica de cookies Utilizamos cookies pr\u00f3prios para garantir e melhorar a funcionalidade do nosso site, assim como otimizar sua experi\u00eancia na web. Escolha [&hellip;]","og_url":"https:\/\/www.lhlaw.com.br\/en\/cookie-policy\/","og_site_name":"Loeser e Hadad Advogados","article_publisher":"https:\/\/www.facebook.com\/LoeserBlanchetHadad\/?ref=bookmarks","twitter_card":"summary_large_image","twitter_site":"@LbhLaw","twitter_misc":{"Est. reading time":"1 minute"},"schema":{"@context":"https:\/\/schema.org","@graph":[{"@type":"WebPage","@id":"https:\/\/www.lhlaw.com.br\/en\/cookie-policy\/","url":"https:\/\/www.lhlaw.com.br\/en\/cookie-policy\/","name":"LBH","isPartOf":{"@id":"https:\/\/www.lhlaw.com.br\/en\/#website"},"datePublished":"2022-08-29T20:00:04+00:00","breadcrumb":{"@id":"https:\/\/www.lhlaw.com.br\/en\/cookie-policy\/#breadcrumb"},"inLanguage":"en-US","potentialAction":[{"@type":"ReadAction","target":["https:\/\/www.lhlaw.com.br\/en\/cookie-policy\/"]}]},{"@type":"BreadcrumbList","@id":"https:\/\/www.lhlaw.com.br\/en\/cookie-policy\/#breadcrumb","itemListElement":[{"@type":"ListItem","position":1,"name":"In\u00edcio","item":"https:\/\/www.lhlaw.com.br\/en\/"},{"@type":"ListItem","position":2,"name":"Cookie Policy"}]},{"@type":"WebSite","@id":"https:\/\/www.lhlaw.com.br\/en\/#website","url":"https:\/\/www.lhlaw.com.br\/en\/","name":"Loeser e Hadad Advogados","description":"Direito empresarial | S\u00e3o Paulo, Rio, Bras\u00edlia e Campinas","publisher":{"@id":"https:\/\/www.lhlaw.com.br\/en\/#organization"},"potentialAction":[{"@type":"SearchAction","target":{"@type":"EntryPoint","urlTemplate":"https:\/\/www.lhlaw.com.br\/en\/?s={search_term_string}"},"query-input":{"@type":"PropertyValueSpecification","valueRequired":true,"valueName":"search_term_string"}}],"inLanguage":"en-US"},{"@type":"Organization","@id":"https:\/\/www.lhlaw.com.br\/en\/#organization","name":"Loeser e Hadad Advogados","url":"https:\/\/www.lhlaw.com.br\/en\/","logo":{"@type":"ImageObject","inLanguage":"en-US","@id":"https:\/\/www.lhlaw.com.br\/en\/#\/schema\/logo\/image\/","url":"https:\/\/www.lhlaw.com.br\/site\/wp-content\/uploads\/2023\/03\/logo_loeser_e_hadad_advogados.png","contentUrl":"https:\/\/www.lhlaw.com.br\/site\/wp-content\/uploads\/2023\/03\/logo_loeser_e_hadad_advogados.png","width":200,"height":95,"caption":"Loeser e Hadad Advogados"},"image":{"@id":"https:\/\/www.lhlaw.com.br\/en\/#\/schema\/logo\/image\/"},"sameAs":["https:\/\/www.facebook.com\/LoeserBlanchetHadad\/?ref=bookmarks","https:\/\/x.com\/LbhLaw","https:\/\/www.instagram.com\/loeser_blanchet_hadad\/","https:\/\/www.linkedin.com\/company\/loeser-blanchet-hadad-advogados\/","https:\/\/www.youtube.com\/channel\/UCRh4AJ_fY9fTunW76tgPAUA?view_as=subscriber"]}]}},"_links":{"self":[{"href":"https:\/\/www.lhlaw.com.br\/en\/wp-json\/wp\/v2\/pages\/6981","targetHints":{"allow":["GET"]}}],"collection":[{"href":"https:\/\/www.lhlaw.com.br\/en\/wp-json\/wp\/v2\/pages"}],"about":[{"href":"https:\/\/www.lhlaw.com.br\/en\/wp-json\/wp\/v2\/types\/page"}],"author":[{"embeddable":true,"href":"https:\/\/www.lhlaw.com.br\/en\/wp-json\/wp\/v2\/users\/10"}],"replies":[{"embeddable":true,"href":"https:\/\/www.lhlaw.com.br\/en\/wp-json\/wp\/v2\/comments?post=6981"}],"version-history":[{"count":1,"href":"https:\/\/www.lhlaw.com.br\/en\/wp-json\/wp\/v2\/pages\/6981\/revisions"}],"predecessor-version":[{"id":6982,"href":"https:\/\/www.lhlaw.com.br\/en\/wp-json\/wp\/v2\/pages\/6981\/revisions\/6982"}],"wp:attachment":[{"href":"https:\/\/www.lhlaw.com.br\/en\/wp-json\/wp\/v2\/media?parent=6981"}],"curies":[{"name":"wp","href":"https:\/\/api.w.org\/{rel}","templated":true}]}}